{"id":32804,"date":"2021-10-12T15:28:05","date_gmt":"2021-10-12T15:28:05","guid":{"rendered":"https:\/\/nph.org\/done-ahora-honduras\/"},"modified":"2021-11-18T17:42:05","modified_gmt":"2021-11-18T17:42:05","slug":"done-ahora-honduras","status":"publish","type":"page","link":"https:\/\/nph.org\/es\/done-ahora-honduras\/","title":{"rendered":"Done Ahora &#8211; Honduras"},"content":{"rendered":"<p>[et_pb_section fb_built=\u00bb1&#8243; _builder_version=\u00bb4.9.4&#8243; _module_preset=\u00bbdefault\u00bb background_image=\u00bbhttps:\/\/nph.org\/wp-content\/uploads\/2021\/06\/Opt_Final-Backof-card.jpg\u00bb height=\u00bb600px\u00bb global_colors_info=\u00bb{}\u00bb][et_pb_row _builder_version=\u00bb4.9.7&#8243; _module_preset=\u00bbdefault\u00bb background_color_gradient_direction=\u00bb90deg\u00bb positioning=\u00bbabsolute\u00bb position_origin_a=\u00bbcenter_center\u00bb width=\u00bb85%\u00bb custom_padding=\u00bb2px||0px||false|false\u00bb global_colors_info=\u00bb{}\u00bb][et_pb_column type=\u00bb4_4&#8243; _builder_version=\u00bb4.9.4&#8243; _module_preset=\u00bbdefault\u00bb global_colors_info=\u00bb{}\u00bb][et_pb_text module_class=\u00bbpage-title-section\u00bb _builder_version=\u00bb4.9.4&#8243; _module_preset=\u00bbdefault\u00bb header_text_color=\u00bb#FFFFFF\u00bb header_font_size=\u00bb50px\u00bb header_4_text_color=\u00bb#FFFFFF\u00bb header_4_font_size=\u00bb27px\u00bb background_color=\u00bbRGBA(0,0,0,0)\u00bb position_origin_a=\u00bbbottom_left\u00bb width=\u00bb98%\u00bb max_width=\u00bb1440px\u00bb module_alignment=\u00bbcenter\u00bb custom_padding=\u00bb|1000px|||false|false\u00bb box_shadow_style=\u00bbpreset4&#8243; box_shadow_horizontal=\u00bb-645px\u00bb box_shadow_vertical=\u00bb0px\u00bb box_shadow_color=\u00bbrgba(17,80,154,0.53)\u00bb global_colors_info=\u00bb{}\u00bb]<\/p>\n<table style=\"border-collapse: collapse; border-style: none; background-color: rgba(17,80,154,0.53);\" border=\"0\">\n<tbody>\n<tr>\n<td style=\"width: 100%;\">\n<h1>Done Ahora<\/h1>\n<h4>Dar un Regalo para Mejorar la Vida de los Ni\u00f1os<\/h4>\n<\/td>\n<\/tr>\n<\/tbody>\n<\/table>\n<p>[\/et_pb_text][\/et_pb_column][\/et_pb_row][\/et_pb_section][et_pb_section fb_built=\u00bb1&#8243; _builder_version=\u00bb4.9.4&#8243; _module_preset=\u00bbdefault\u00bb custom_padding=\u00bb26px||19px|||\u00bb global_colors_info=\u00bb{}\u00bb][et_pb_row _builder_version=\u00bb4.9.4&#8243; _module_preset=\u00bbdefault\u00bb module_alignment=\u00bbcenter\u00bb custom_padding=\u00bb||20px|||\u00bb global_colors_info=\u00bb{}\u00bb][et_pb_column type=\u00bb4_4&#8243; _builder_version=\u00bb4.9.4&#8243; _module_preset=\u00bbdefault\u00bb global_colors_info=\u00bb{}\u00bb][et_pb_text _builder_version=\u00bb4.11.0&#8243; _module_preset=\u00bbdefault\u00bb text_font_size=\u00bb24px\u00bb text_line_height=\u00bb1em\u00bb header_2_font=\u00bb|600|||||||\u00bb header_2_font_size=\u00bb36px\u00bb max_width=\u00bb1600px\u00bb module_alignment=\u00bbcenter\u00bb global_colors_info=\u00bb{}\u00bb]<\/p>\n<p>Done ahora para ayudar a apoyar el trabajo de NPH que cambia vidas en toda Am\u00e9rica Latina y el Caribe.<\/p>\n<p>Trabajamos duro para asegurarnos de que su donaci\u00f3n tenga un impacto duradero. Desde la educaci\u00f3n y el cuidado de la salud hasta la seguridad y el mantenimiento, cada obsequio, sin importar la cantidad, marca una diferencia en las vidas de los miles de ni\u00f1os y familias a quienes servimos.<\/p>\n<p>Puede marcar la diferencia en la vida de un ni\u00f1o.<\/p>\n<p>Su donaci\u00f3n financia comidas para ni\u00f1os de madres solteras que vienen a nuestras guarder\u00edas todos los d\u00edas, uniformes y libros de texto para ni\u00f1os de comunidades pobres para asistir a la escuela, vacunas infantiles y chequeos anuales para ni\u00f1os de 0 a 5 a\u00f1os, capacitaci\u00f3n para padres de ni\u00f1os con necesidades especiales que quieren cuidar a sus hijos en casa, y mucho m\u00e1s.<\/p>\n<p>Si puede dar m\u00e1s, considere convertirse en un donante recurrente para ayudar a m\u00e1s ni\u00f1os y familias necesitadas.<\/p>\n<p>[\/et_pb_text][et_pb_divider color=\u00bb#a2bc3a\u00bb divider_position=\u00bbcenter\u00bb divider_weight=\u00bb5px\u00bb _builder_version=\u00bb4.9.4&#8243; _module_preset=\u00bbdefault\u00bb z_index=\u00bb-2&#8243; width=\u00bb98%\u00bb module_alignment=\u00bbcenter\u00bb min_height=\u00bb18px\u00bb custom_margin=\u00bb-35px||-3px||false|false\u00bb global_colors_info=\u00bb{}\u00bb][\/et_pb_divider][et_pb_text _builder_version=\u00bb4.13.1&#8243; _module_preset=\u00bbdefault\u00bb hover_enabled=\u00bb0&#8243; global_colors_info=\u00bb{}\u00bb sticky_enabled=\u00bb0&#8243;]<\/p>\n<p>&nbsp;<\/p>\n<p>NPH es una organizaci\u00f3n ben\u00e9fica registrada en M\u00e9xico, que opera como NPHI (Nuestros Peque\u00f1os Hermanos Internacional) M\u00e9xico y NPHHI (Nuestros Peque\u00f1os Hermanos y Hermanas Internacional). N\u00famero de identificaci\u00f3n fiscal federal RFC de la Instituci\u00f3n IBP590728881. Recibir\u00e1 un reconocimiento de NPHI M\u00e9xico. Si vive fuera de M\u00e9xico, debe consultar con su asesor fiscal para determinar si su donaci\u00f3n es deducible de impuestos en su pa\u00eds. Si tiene alguna pregunta o inquietud acerca de su donaci\u00f3n, comun\u00edquese con NPH Donor Services en <a href=\"mailto:doneahora@nph.org\">doneahora@nph.org<\/a>.<\/p>\n<p>[\/et_pb_text][et_pb_text _builder_version=\u00bb4.11.2&#8243; _module_preset=\u00bbdefault\u00bb global_colors_info=\u00bb{}\u00bb]<\/p>\n<p>[give_form id=\u00bb32744&#8243;]<\/p>\n<p>[\/et_pb_text][\/et_pb_column][\/et_pb_row][\/et_pb_section]<\/p>\n","protected":false},"excerpt":{"rendered":"<p>Done Ahora Dar un Regalo para Mejorar la Vida de los Ni\u00f1os Done ahora para ayudar a apoyar el trabajo de NPH que cambia vidas en toda Am\u00e9rica Latina y el Caribe. Trabajamos duro para asegurarnos de que su donaci\u00f3n tenga un impacto duradero. Desde la educaci\u00f3n y el cuidado de la salud hasta la [&hellip;]<\/p>\n","protected":false},"author":8,"featured_media":0,"parent":0,"menu_order":0,"comment_status":"closed","ping_status":"closed","template":"","meta":{"_acf_changed":false,"_et_pb_use_builder":"on","_et_pb_old_content":"","_et_gb_content_width":"","footnotes":""},"class_list":["post-32804","page","type-page","status-publish","hentry"],"acf":[],"yoast_head":"<!-- This site is optimized with the Yoast SEO Premium plugin v27.4 (Yoast SEO v27.4) - https:\/\/yoast.com\/product\/yoast-seo-premium-wordpress\/ -->\n<title>Done Ahora - Honduras - NPH<\/title>\n<meta name=\"robots\" content=\"index, follow, max-snippet:-1, max-image-preview:large, max-video-preview:-1\" \/>\n<link rel=\"canonical\" href=\"https:\/\/nph.org\/es\/done-ahora-honduras\/\" \/>\n<meta property=\"og:locale\" content=\"es_ES\" \/>\n<meta property=\"og:type\" content=\"article\" \/>\n<meta property=\"og:title\" content=\"Done Ahora - Honduras - NPH\" \/>\n<meta property=\"og:description\" content=\"Done Ahora Dar un Regalo para Mejorar la Vida de los Ni\u00f1os Done ahora para ayudar a apoyar el trabajo de NPH que cambia vidas en toda Am\u00e9rica Latina y el Caribe. Trabajamos duro para asegurarnos de que su donaci\u00f3n tenga un impacto duradero. Desde la educaci\u00f3n y el cuidado de la salud hasta la [&hellip;]\" \/>\n<meta property=\"og:url\" content=\"https:\/\/nph.org\/es\/done-ahora-honduras\/\" \/>\n<meta property=\"og:site_name\" content=\"NPH\" \/>\n<meta property=\"article:modified_time\" content=\"2021-11-18T17:42:05+00:00\" \/>\n<meta name=\"twitter:card\" content=\"summary_large_image\" \/>\n<meta name=\"twitter:label1\" content=\"Tiempo de lectura\" \/>\n\t<meta name=\"twitter:data1\" content=\"3 minutos\" \/>\n<script type=\"application\/ld+json\" class=\"yoast-schema-graph\">{\"@context\":\"https:\\\/\\\/schema.org\",\"@graph\":[{\"@type\":\"WebPage\",\"@id\":\"https:\\\/\\\/nph.org\\\/es\\\/done-ahora-honduras\\\/\",\"url\":\"https:\\\/\\\/nph.org\\\/es\\\/done-ahora-honduras\\\/\",\"name\":\"Done Ahora - Honduras - NPH\",\"isPartOf\":{\"@id\":\"https:\\\/\\\/nph.org\\\/#website\"},\"datePublished\":\"2021-10-12T15:28:05+00:00\",\"dateModified\":\"2021-11-18T17:42:05+00:00\",\"inLanguage\":\"es\",\"potentialAction\":[{\"@type\":\"ReadAction\",\"target\":[\"https:\\\/\\\/nph.org\\\/es\\\/done-ahora-honduras\\\/\"]}]},{\"@type\":\"WebSite\",\"@id\":\"https:\\\/\\\/nph.org\\\/#website\",\"url\":\"https:\\\/\\\/nph.org\\\/\",\"name\":\"NPH\",\"description\":\"\",\"potentialAction\":[{\"@type\":\"SearchAction\",\"target\":{\"@type\":\"EntryPoint\",\"urlTemplate\":\"https:\\\/\\\/nph.org\\\/?s={search_term_string}\"},\"query-input\":{\"@type\":\"PropertyValueSpecification\",\"valueRequired\":true,\"valueName\":\"search_term_string\"}}],\"inLanguage\":\"es\"}]}<\/script>\n<!-- \/ Yoast SEO Premium plugin. -->","yoast_head_json":{"title":"Done Ahora - Honduras - NPH","robots":{"index":"index","follow":"follow","max-snippet":"max-snippet:-1","max-image-preview":"max-image-preview:large","max-video-preview":"max-video-preview:-1"},"canonical":"https:\/\/nph.org\/es\/done-ahora-honduras\/","og_locale":"es_ES","og_type":"article","og_title":"Done Ahora - Honduras - NPH","og_description":"Done Ahora Dar un Regalo para Mejorar la Vida de los Ni\u00f1os Done ahora para ayudar a apoyar el trabajo de NPH que cambia vidas en toda Am\u00e9rica Latina y el Caribe. Trabajamos duro para asegurarnos de que su donaci\u00f3n tenga un impacto duradero. Desde la educaci\u00f3n y el cuidado de la salud hasta la [&hellip;]","og_url":"https:\/\/nph.org\/es\/done-ahora-honduras\/","og_site_name":"NPH","article_modified_time":"2021-11-18T17:42:05+00:00","twitter_card":"summary_large_image","twitter_misc":{"Tiempo de lectura":"3 minutos"},"schema":{"@context":"https:\/\/schema.org","@graph":[{"@type":"WebPage","@id":"https:\/\/nph.org\/es\/done-ahora-honduras\/","url":"https:\/\/nph.org\/es\/done-ahora-honduras\/","name":"Done Ahora - Honduras - NPH","isPartOf":{"@id":"https:\/\/nph.org\/#website"},"datePublished":"2021-10-12T15:28:05+00:00","dateModified":"2021-11-18T17:42:05+00:00","inLanguage":"es","potentialAction":[{"@type":"ReadAction","target":["https:\/\/nph.org\/es\/done-ahora-honduras\/"]}]},{"@type":"WebSite","@id":"https:\/\/nph.org\/#website","url":"https:\/\/nph.org\/","name":"NPH","description":"","potentialAction":[{"@type":"SearchAction","target":{"@type":"EntryPoint","urlTemplate":"https:\/\/nph.org\/?s={search_term_string}"},"query-input":{"@type":"PropertyValueSpecification","valueRequired":true,"valueName":"search_term_string"}}],"inLanguage":"es"}]}},"_links":{"self":[{"href":"https:\/\/nph.org\/es\/wp-json\/wp\/v2\/pages\/32804","targetHints":{"allow":["GET"]}}],"collection":[{"href":"https:\/\/nph.org\/es\/wp-json\/wp\/v2\/pages"}],"about":[{"href":"https:\/\/nph.org\/es\/wp-json\/wp\/v2\/types\/page"}],"author":[{"embeddable":true,"href":"https:\/\/nph.org\/es\/wp-json\/wp\/v2\/users\/8"}],"replies":[{"embeddable":true,"href":"https:\/\/nph.org\/es\/wp-json\/wp\/v2\/comments?post=32804"}],"version-history":[{"count":4,"href":"https:\/\/nph.org\/es\/wp-json\/wp\/v2\/pages\/32804\/revisions"}],"predecessor-version":[{"id":34249,"href":"https:\/\/nph.org\/es\/wp-json\/wp\/v2\/pages\/32804\/revisions\/34249"}],"wp:attachment":[{"href":"https:\/\/nph.org\/es\/wp-json\/wp\/v2\/media?parent=32804"}],"curies":[{"name":"wp","href":"https:\/\/api.w.org\/{rel}","templated":true}]}}